{"id":8043,"date":"2025-10-28T11:04:06","date_gmt":"2025-10-28T10:04:06","guid":{"rendered":"https:\/\/nuovo.montonein.it\/?page_id=8043"},"modified":"2025-10-28T11:04:06","modified_gmt":"2025-10-28T10:04:06","slug":"church-of-san-fedele-municipal-auditorium-4","status":"publish","type":"page","link":"https:\/\/nuovo.montonein.it\/en\/church-of-san-fedele-municipal-auditorium-4\/","title":{"rendered":"Church of San Fedele \u2013 Municipal Auditorium"},"content":{"rendered":"\t\t<div data-elementor-type=\"wp-page\" data-elementor-id=\"8043\" class=\"elementor elementor-8043 elementor-8042\" data-elementor-post-type=\"page\">\n\t\t\t\t\t\t<section class=\"elementor-section elementor-top-section elementor-element elementor-element-ff16913 elementor-section-full_width qodef-elementor-content-grid elementor-section-height-default elementor-section-height-default\" data-id=\"ff16913\" data-element_type=\"section\">\n\t\t\t\t\t\t<div class=\"elementor-container elementor-column-gap-default\">\n\t\t\t\t\t<div class=\"elementor-column elementor-col-100 elementor-top-column elementor-element elementor-element-7b56148\" data-id=\"7b56148\" data-element_type=\"column\">\n\t\t\t<div class=\"elementor-widget-wrap elementor-element-populated\">\n\t\t\t\t\t\t<div class=\"elementor-element elementor-element-483f574 elementor-widget elementor-widget-text-editor\" data-id=\"483f574\" data-element_type=\"widget\" data-widget_type=\"text-editor.default\">\n\t\t\t\t<div class=\"elementor-widget-container\">\n\t\t\t\t\t\t\t\t\t<p>The church of San Fedele originated with the <em>hospitalis<\/em> of the same name, which was built after 1270 thanks to a substantial donation from Ranieri degli Olivi.<\/p>\t\t\t\t\t\t\t\t<\/div>\n\t\t\t\t<\/div>\n\t\t\t\t<div class=\"elementor-element elementor-element-f468420 elementor-widget elementor-widget-text-editor\" data-id=\"f468420\" data-element_type=\"widget\" data-widget_type=\"text-editor.default\">\n\t\t\t\t<div class=\"elementor-widget-container\">\n\t\t\t\t\t\t\t\t\tThe institute belonged to a company of disciplined men, as is written on the 15th-century lintel of the church portal. Documents in the municipal historical archives confirm that it was owned by the Confraternita del Gonfalone.\t\t\t\t\t\t\t\t<\/div>\n\t\t\t\t<\/div>\n\t\t\t\t<div class=\"elementor-element elementor-element-c4ea72d elementor-widget elementor-widget-text-editor\" data-id=\"c4ea72d\" data-element_type=\"widget\" data-widget_type=\"text-editor.default\">\n\t\t\t\t<div class=\"elementor-widget-container\">\n\t\t\t\t\t\t\t\t\tTuttavia le prime spine di cui si ha notizia sono quelle donate da Sant\u2019Elena nel 323 a Roma, provenienti da Gerusalemme dove la corona rest\u00f2 certamente fino al IV secolo, presenza confermata da S. Paolino da Nola. Fino al 1200, le notizie sono frammentarie e non sempre attendibili.\t\t\t\t\t\t\t\t<\/div>\n\t\t\t\t<\/div>\n\t\t\t\t<div class=\"elementor-element elementor-element-536407b elementor-widget elementor-widget-text-editor\" data-id=\"536407b\" data-element_type=\"widget\" data-widget_type=\"text-editor.default\">\n\t\t\t\t<div class=\"elementor-widget-container\">\n\t\t\t\t\t\t\t\t\tNel 1204 la corona di Cristo era venerata a Costantinopoli nella cappella di Santa Maria del Faro. Da questo momento la reliquia divenne oggetto di\ntrattative e scambio. Nella cristianit\u00e0 del XIII secolo, grande manifestazione di devozione, e fonte di grande prestigio \u00e8 il possesso di reliquie, pertanto la corsa al collezionismo da parte di re, stati, citt\u00e0, cre\u00f2 un vero e proprio mercato capace di far lievitare i prezzi di quelle pi\u00f9 rare e, cosa di non minor\nconto, capace di favorire le falsificazioni.\t\t\t\t\t\t\t\t<\/div>\n\t\t\t\t<\/div>\n\t\t\t\t<div class=\"elementor-element elementor-element-85e138d elementor-widget elementor-widget-text-editor\" data-id=\"85e138d\" data-element_type=\"widget\" data-widget_type=\"text-editor.default\">\n\t\t\t\t<div class=\"elementor-widget-container\">\n\t\t\t\t\t\t\t\t\tL\u2019imperatore di Costantinopoli, Baldovino II, per far fronte alle spese di guerra, ottenne un prestito dai veneziani offrendo in pegno la Corona di spine, alla scadenza del pegno Luigi IX di Francia, il re santo, offr\u00ec a Baldovino II il riscatto per la Corona che in questo modo sarebbe stata trasportata in Francia. I veneziani non accettarono di buon grado l\u2019idea di essersi fatti sfuggire di mano una tale insigne reliquia e dopo lunghe trattative ottennero che la Corona fosse trasportata a Venezia, perch\u00e9 la citt\u00e0 godesse dei benefici, seppur temporanei, della sua presenza: la protezione, i favori, il\nprestigio. Trasportata infine a Parigi, in una solenne processione penitenziale, il re a piedi nudi e vestito da penitente consegna la Corona\nall\u2019arcivescovo. Al glorioso reliquiario San Luigi fece erigere, nel 1248, la Sainte-Chapelle, e non perse l\u2019occasione di associare la gloria del re al quella di Dio.\t\t\t\t\t\t\t\t<\/div>\n\t\t\t\t<\/div>\n\t\t\t\t<div class=\"elementor-element elementor-element-68dc221 elementor-widget elementor-widget-text-editor\" data-id=\"68dc221\" data-element_type=\"widget\" data-widget_type=\"text-editor.default\">\n\t\t\t\t<div class=\"elementor-widget-container\">\n\t\t\t\t\t\t\t\t\tLa corona \u00e8 oggi custodita a Notre Dame ed \u00e8 un serto senza spine.\t\t\t\t\t\t\t\t<\/div>\n\t\t\t\t<\/div>\n\t\t\t\t<div class=\"elementor-element elementor-element-bbc3f02 elementor-widget elementor-widget-text-editor\" data-id=\"bbc3f02\" data-element_type=\"widget\" data-widget_type=\"text-editor.default\">\n\t\t\t\t<div class=\"elementor-widget-container\">\n\t\t\t\t\t\t\t\t\tTra il 1470 e il 1477 Carlo Fortebracci, conte di Montone, per le sue virt\u00f9 militari, ereditate di certo dal padre Braccio, combatteva al servizio della Serenissima Repubblica di Venezia, qui ricevette in dono una Spina della Corona del Cristo, la port\u00f2 in dono a Montone e ne decret\u00f2 la festa il Luned\u00ec dell\u2019Angelo. La leggenda racconta che la Spina fiorisse il Venerd\u00ec Santo emanando un dolcissimo profumo.\t\t\t\t\t\t\t\t<\/div>\n\t\t\t\t<\/div>\n\t\t\t\t<div class=\"elementor-element elementor-element-fd694fd elementor-widget elementor-widget-text-editor\" data-id=\"fd694fd\" data-element_type=\"widget\" data-widget_type=\"text-editor.default\">\n\t\t\t\t<div class=\"elementor-widget-container\">\n\t\t\t\t\t\t\t\t\tIl richiamo della reliquia era talmente grande, i pellegrini tanto numerosi, che nei primi anni del \u2018600, per motivi di ordine pubblico, fu ordinata una seconda ostensione. Dal 1798, quando la chiesa di S. Francesco fu incendiata, la Spina nel suo prezioso reliquiario \u00e8 custodita dalle suore del Convento di S. Agnese.\t\t\t\t\t\t\t\t<\/div>\n\t\t\t\t<\/div>\n\t\t\t\t<div class=\"elementor-element elementor-element-3c6475e elementor-widget elementor-widget-text-editor\" data-id=\"3c6475e\" data-element_type=\"widget\" data-widget_type=\"text-editor.default\">\n\t\t\t\t<div class=\"elementor-widget-container\">\n\t\t\t\t\t\t\t\t\tSe ne festeggia l\u2019ostensione il Luned\u00ec dell\u2019Angelo e la penultima domenica di Agosto in un clima intriso di religiosit\u00e0 popolare e storia.\t\t\t\t\t\t\t\t<\/div>\n\t\t\t\t<\/div>\n\t\t\t\t\t<\/div>\n\t\t<\/div>\n\t\t\t\t\t<\/div>\n\t\t<\/section>\n\t\t\t\t<\/div>\n\t\t","protected":false},"excerpt":{"rendered":"<p>The church of San Fedele originated with the hospitalis of the same name, which was built after 1270 thanks to a substantial donation from Ranieri degli Olivi. The institute belonged to a company of disciplined men, as is written on the 15th-century lintel of the church portal. Documents in the municipal historical archives confirm that [&hellip;]<\/p>\n","protected":false},"author":1,"featured_media":0,"parent":0,"menu_order":0,"comment_status":"closed","ping_status":"closed","template":"page-full-width.php","meta":{"footnotes":""},"class_list":["post-8043","page","type-page","status-publish","hentry"],"yoast_head":"<!-- This site is optimized with the Yoast SEO plugin v27.0 - https:\/\/yoast.com\/product\/yoast-seo-wordpress\/ -->\n<title>Church of San Fedele \u2013 Municipal Auditorium - MontoneIn<\/title>\n<meta name=\"robots\" content=\"noindex, follow, max-snippet:-1, max-image-preview:large, max-video-preview:-1\" \/>\n<meta property=\"og:locale\" content=\"en_US\" \/>\n<meta property=\"og:type\" content=\"article\" \/>\n<meta property=\"og:title\" content=\"Church of San Fedele \u2013 Municipal Auditorium - MontoneIn\" \/>\n<meta property=\"og:description\" content=\"The church of San Fedele originated with the hospitalis of the same name, which was built after 1270 thanks to a substantial donation from Ranieri degli Olivi. The institute belonged to a company of disciplined men, as is written on the 15th-century lintel of the church portal. Documents in the municipal historical archives confirm that [&hellip;]\" \/>\n<meta property=\"og:url\" content=\"https:\/\/nuovo.montonein.it\/en\/church-of-san-fedele-municipal-auditorium-4\/\" \/>\n<meta property=\"og:site_name\" content=\"MontoneIn\" \/>\n<meta name=\"twitter:card\" content=\"summary_large_image\" \/>\n<meta name=\"twitter:label1\" content=\"Est. reading time\" \/>\n\t<meta name=\"twitter:data1\" content=\"2 minutes\" \/>\n<script type=\"application\/ld+json\" class=\"yoast-schema-graph\">{\"@context\":\"https:\/\/schema.org\",\"@graph\":[{\"@type\":\"WebPage\",\"@id\":\"https:\/\/nuovo.montonein.it\/en\/church-of-san-fedele-municipal-auditorium-4\/\",\"url\":\"https:\/\/nuovo.montonein.it\/en\/church-of-san-fedele-municipal-auditorium-4\/\",\"name\":\"Church of San Fedele \u2013 Municipal Auditorium - MontoneIn\",\"isPartOf\":{\"@id\":\"https:\/\/nuovo.montonein.it\/en\/#website\"},\"datePublished\":\"2025-10-28T10:04:06+00:00\",\"breadcrumb\":{\"@id\":\"https:\/\/nuovo.montonein.it\/en\/church-of-san-fedele-municipal-auditorium-4\/#breadcrumb\"},\"inLanguage\":\"en-US\",\"potentialAction\":[{\"@type\":\"ReadAction\",\"target\":[\"https:\/\/nuovo.montonein.it\/en\/church-of-san-fedele-municipal-auditorium-4\/\"]}]},{\"@type\":\"BreadcrumbList\",\"@id\":\"https:\/\/nuovo.montonein.it\/en\/church-of-san-fedele-municipal-auditorium-4\/#breadcrumb\",\"itemListElement\":[{\"@type\":\"ListItem\",\"position\":1,\"name\":\"Home\",\"item\":\"https:\/\/nuovo.montonein.it\/en\/main-home\/\"},{\"@type\":\"ListItem\",\"position\":2,\"name\":\"Church of San Fedele \u2013 Municipal Auditorium\"}]},{\"@type\":\"WebSite\",\"@id\":\"https:\/\/nuovo.montonein.it\/en\/#website\",\"url\":\"https:\/\/nuovo.montonein.it\/en\/\",\"name\":\"MontoneIn\",\"description\":\"Portale turistico del borgo medioevale di Montone (PG)\",\"potentialAction\":[{\"@type\":\"SearchAction\",\"target\":{\"@type\":\"EntryPoint\",\"urlTemplate\":\"https:\/\/nuovo.montonein.it\/en\/?s={search_term_string}\"},\"query-input\":{\"@type\":\"PropertyValueSpecification\",\"valueRequired\":true,\"valueName\":\"search_term_string\"}}],\"inLanguage\":\"en-US\"}]}<\/script>\n<!-- \/ Yoast SEO plugin. -->","yoast_head_json":{"title":"Church of San Fedele \u2013 Municipal Auditorium - MontoneIn","robots":{"index":"noindex","follow":"follow","max-snippet":"max-snippet:-1","max-image-preview":"max-image-preview:large","max-video-preview":"max-video-preview:-1"},"og_locale":"en_US","og_type":"article","og_title":"Church of San Fedele \u2013 Municipal Auditorium - MontoneIn","og_description":"The church of San Fedele originated with the hospitalis of the same name, which was built after 1270 thanks to a substantial donation from Ranieri degli Olivi. The institute belonged to a company of disciplined men, as is written on the 15th-century lintel of the church portal. Documents in the municipal historical archives confirm that [&hellip;]","og_url":"https:\/\/nuovo.montonein.it\/en\/church-of-san-fedele-municipal-auditorium-4\/","og_site_name":"MontoneIn","twitter_card":"summary_large_image","twitter_misc":{"Est. reading time":"2 minutes"},"schema":{"@context":"https:\/\/schema.org","@graph":[{"@type":"WebPage","@id":"https:\/\/nuovo.montonein.it\/en\/church-of-san-fedele-municipal-auditorium-4\/","url":"https:\/\/nuovo.montonein.it\/en\/church-of-san-fedele-municipal-auditorium-4\/","name":"Church of San Fedele \u2013 Municipal Auditorium - MontoneIn","isPartOf":{"@id":"https:\/\/nuovo.montonein.it\/en\/#website"},"datePublished":"2025-10-28T10:04:06+00:00","breadcrumb":{"@id":"https:\/\/nuovo.montonein.it\/en\/church-of-san-fedele-municipal-auditorium-4\/#breadcrumb"},"inLanguage":"en-US","potentialAction":[{"@type":"ReadAction","target":["https:\/\/nuovo.montonein.it\/en\/church-of-san-fedele-municipal-auditorium-4\/"]}]},{"@type":"BreadcrumbList","@id":"https:\/\/nuovo.montonein.it\/en\/church-of-san-fedele-municipal-auditorium-4\/#breadcrumb","itemListElement":[{"@type":"ListItem","position":1,"name":"Home","item":"https:\/\/nuovo.montonein.it\/en\/main-home\/"},{"@type":"ListItem","position":2,"name":"Church of San Fedele \u2013 Municipal Auditorium"}]},{"@type":"WebSite","@id":"https:\/\/nuovo.montonein.it\/en\/#website","url":"https:\/\/nuovo.montonein.it\/en\/","name":"MontoneIn","description":"Portale turistico del borgo medioevale di Montone (PG)","potentialAction":[{"@type":"SearchAction","target":{"@type":"EntryPoint","urlTemplate":"https:\/\/nuovo.montonein.it\/en\/?s={search_term_string}"},"query-input":{"@type":"PropertyValueSpecification","valueRequired":true,"valueName":"search_term_string"}}],"inLanguage":"en-US"}]}},"post_type":"page","author_name":"microweb.pg","_links":{"self":[{"href":"https:\/\/nuovo.montonein.it\/en\/wp-json\/wp\/v2\/pages\/8043","targetHints":{"allow":["GET"]}}],"collection":[{"href":"https:\/\/nuovo.montonein.it\/en\/wp-json\/wp\/v2\/pages"}],"about":[{"href":"https:\/\/nuovo.montonein.it\/en\/wp-json\/wp\/v2\/types\/page"}],"author":[{"embeddable":true,"href":"https:\/\/nuovo.montonein.it\/en\/wp-json\/wp\/v2\/users\/1"}],"replies":[{"embeddable":true,"href":"https:\/\/nuovo.montonein.it\/en\/wp-json\/wp\/v2\/comments?post=8043"}],"version-history":[{"count":1,"href":"https:\/\/nuovo.montonein.it\/en\/wp-json\/wp\/v2\/pages\/8043\/revisions"}],"predecessor-version":[{"id":8044,"href":"https:\/\/nuovo.montonein.it\/en\/wp-json\/wp\/v2\/pages\/8043\/revisions\/8044"}],"wp:attachment":[{"href":"https:\/\/nuovo.montonein.it\/en\/wp-json\/wp\/v2\/media?parent=8043"}],"curies":[{"name":"wp","href":"https:\/\/api.w.org\/{rel}","templated":true}]}}